{"id":23,"date":"2026-01-02T07:09:27","date_gmt":"2026-01-02T07:09:27","guid":{"rendered":"https:\/\/zenkelab.org\/molcell\/?page_id=23"},"modified":"2026-01-19T18:16:58","modified_gmt":"2026-01-19T18:16:58","slug":"team","status":"publish","type":"page","link":"https:\/\/molcell.de\/index.php\/team\/","title":{"rendered":"Team"},"content":{"rendered":"\n<p>Zenke, Martin, PhD, Professor<br>Chawla, Payal, PhD, Scientist<br>Kaiser, Anne, MD, Scientist<br>Koerner, Kyra, MSc, Student<br>Cramer, Anna, Student<\/p>\n\n\n\n<h2 class=\"wp-block-heading\">Good old friends<\/h2>\n\n\n\n<p>Atakhanov, Salim, MSc<br>Aydin, Guelcan, BSc<br>Baek, Jae-Hyun, PhD, Professor<br>Bartunek, Petr, PhD<br>Boehmelt, Guido, PhD<br>B\u00f6hnke, Janik, PhD<br>Borden, Steffen A., PhD<br>Briegel, Karoline J., PhD, Professor<br>Chauvistr\u00e9, Heike, PhD<br>Delgado-C\u00e1ceres, Manuel, MSc<br>Dibenedetto, Stella, MSc<br>Diebold, Sandra S., PhD<br>Ding, Xiaolei, PhD, Professor<br>G\u00e4bler, Arnim, MD<br>D\u00f6ring, Yvonne, PhD<br>El Sayad, Sara, MSc<br>Ensenat-Waser, Roberto, PhD<br>Esslinger, Christoph, PhD<br>Felker, Piritta, PhD<br>Fernandes, Fabiana, MSc<br>Fleischer, Johannes, MSc<br>Flosdorf, Niclas, PhD<br>Freitas, Joana, MSc<br>Fu, Xu-Huang, PhD<br>Gamper, Ivonne, PhD<br>Glas, Birgit, PhD<br>Gomez Lerma, Vanesa, BSc<br>Goncharenko, Nick, PhD<br>G\u00f6tz, Katrin, MSc<br>Gust, Tatjana, PhD<br>Hacker, Christine, PhD<br>Hamouda, Ahmed, PhD<br>Hariharan, Viki, MSc<br>Heikenw\u00e4lder, Mathias, PhD, Professor<br>Hieronymus, Thomas, PhD<br>Ju, Xin-Sheng, MD<br>Ki-Ryang, Koh, MD<br>Kirsch, Ralf D., PhD<br>Koritschoner, Nicolas P., PhD<br>Kosanke, Maike, MSc<br>Kuhl, Christiane, PhD<br>K\u00fcstermann, Caroline, PhD<br>Lemke, Britt, PhD<br>Lennartz, Daniel, MSc<br>Lin, Qiong, PhD<br>Look, Thomas, MSc<br>Ma, Zhiyao, MSc<br>Madruga, Jaime, PhD<br>Meyer, Mirjam, MSc<br>Mierau, Eveline<br>Mitzka, Saskia<br>Piassi Bernado, Marcela, PhD<br>Prithiviraj, Sujeethkumar, MSc<br>Qin, Jie, PhD, Associate Professor<br>Rehage, Nina, MSc<br>R\u00f6sseler, Corinna, PhD<br>Ruau, David, PhD<br>Satoh, Taiki, MSc<br>Schalla, Carmen<br>Schmitz, Susanne<br>Schneider-Kramann, Rebekka, MD, PhD, Professor<br>Schurse, Henning, MSc<br>Schwarz, Sebastian, PhD<br>Sebastian, Raja, PhD<br>Sechi, Antonio, PhD<br>Ser\u00e9, Kristin, PhD<br>Shokouhi, Behnaz, PhD<br>Sontag, Stephanie, PhD<br>Strobach, Stefanie, PhD<br>Szymanski de Toledo, Marcelo, PhD<br>Ullrich, Katrin, MSc<br>Wanek, Paul, BSc<br>Wang, Xiaoying, PhD<br>Xu, Huaming, PhD<br>Yamanoi, Shuta, BSc Student<\/p>\n","protected":false},"excerpt":{"rendered":"<p>Zenke, Martin, PhD, ProfessorChawla, Payal, PhD, ScientistKaiser, Anne, MD, ScientistKoerner, Kyra, MSc, StudentCramer, Anna, Student Good old friends Atakhanov, Salim, MScAydin, Guelcan, BScBaek, Jae-Hyun, PhD, ProfessorBartunek, Petr, PhDBoehmelt, Guido, PhDB\u00f6hnke, Janik, PhDBorden, Steffen A., PhDBriegel, Karoline J., PhD, ProfessorChauvistr\u00e9, Heike, PhDDelgado-C\u00e1ceres, Manuel, MScDibenedetto, Stella, MScDiebold, Sandra S., PhDDing, Xiaolei, PhD, ProfessorG\u00e4bler, Arnim, MDD\u00f6ring, Yvonne, PhDEl [&hellip;]<\/p>\n","protected":false},"author":1,"featured_media":0,"parent":0,"menu_order":0,"comment_status":"closed","ping_status":"closed","template":"","meta":{"footnotes":""},"class_list":["post-23","page","type-page","status-publish","hentry"],"_links":{"self":[{"href":"https:\/\/molcell.de\/index.php\/wp-json\/wp\/v2\/pages\/23","targetHints":{"allow":["GET"]}}],"collection":[{"href":"https:\/\/molcell.de\/index.php\/wp-json\/wp\/v2\/pages"}],"about":[{"href":"https:\/\/molcell.de\/index.php\/wp-json\/wp\/v2\/types\/page"}],"author":[{"embeddable":true,"href":"https:\/\/molcell.de\/index.php\/wp-json\/wp\/v2\/users\/1"}],"replies":[{"embeddable":true,"href":"https:\/\/molcell.de\/index.php\/wp-json\/wp\/v2\/comments?post=23"}],"version-history":[{"count":3,"href":"https:\/\/molcell.de\/index.php\/wp-json\/wp\/v2\/pages\/23\/revisions"}],"predecessor-version":[{"id":422,"href":"https:\/\/molcell.de\/index.php\/wp-json\/wp\/v2\/pages\/23\/revisions\/422"}],"wp:attachment":[{"href":"https:\/\/molcell.de\/index.php\/wp-json\/wp\/v2\/media?parent=23"}],"curies":[{"name":"wp","href":"https:\/\/api.w.org\/{rel}","templated":true}]}}